{"id":8353,"date":"2019-05-05T20:01:08","date_gmt":"2019-05-05T18:01:08","guid":{"rendered":"http:\/\/sostanj.info\/2019\/?page_id=8353"},"modified":"2019-05-05T20:01:33","modified_gmt":"2019-05-05T18:01:33","slug":"izbris-podatkov","status":"publish","type":"page","link":"http:\/\/sostanj.info\/2019\/izbris-podatkov\/","title":{"rendered":"Izbris podatkov"},"content":{"rendered":"<a class=\"wordpress-gdpr-back-link\" href=\"http:\/\/sostanj.info\/2019\/center-zasebnosti\/\">&larr; Vrni se na center zasebnosti<\/a><form action=\"\/2019\/wp-json\/wp\/v2\/pages\/8353\" class=\"wordpress-gdpr-form wordpress-gdpr-form-forget-me\" method=\"post\"><input type=\"hidden\" name=\"wordpress_gdpr_form_type\" value=\"forget-me\"><div class=\"form-group\"><label for=\"gdpr_firstname\">Va\u0161e ime (*)<\/label><input class=\"form-control\" type=\"text\" name=\"gdpr_firstname\" value=\"\" required \/><\/div><div class=\"form-group\"><label for=\"gdpr_lastname\">Va\u0161 priimek (*)<\/label><input class=\"form-control\" type=\"text\" name=\"gdpr_lastname\" value=\"\" required \/><\/div><div class=\"form-group\"><label for=\"gdpr_email\">Va\u0161a E-po\u0161ta (*)<\/label><input class=\"form-control\" type=\"email\" name=\"gdpr_email\" value=\"\" required \/><\/div><div class=\"form-group\"><label for=\"gdpr_terms\"><input id=\"gdpr_terms\" class=\"form-control\" type=\"checkbox\" name=\"gdpr_terms\" value=\"1\" required \/><span class=\"gdpr-accept-conditiones-text\">Strinjam se s politiko zasebnosti in da se lahko moji podatki shranijo za zahtevo GDPR.<\/span><\/label><\/div><input type=\"submit\" name=\"gdpr_submitted\" value=\"Po\u0161lji\"\/><\/form>\n","protected":false},"excerpt":{"rendered":"&larr; Vrni se na center zasebnostiVa\u0161e ime (*)Va\u0161 priimek (*)Va\u0161a E-po\u0161ta (*)Strinjam se s politiko zasebnosti in da se lahko moji podatki shranijo za zahtevo GDPR.","protected":false},"author":1,"featured_media":8430,"parent":0,"menu_order":0,"comment_status":"closed","ping_status":"closed","template":"","meta":{"ngg_post_thumbnail":0,"footnotes":""},"class_list":["post-8353","page","type-page","status-publish","has-post-thumbnail","hentry"],"_links":{"self":[{"href":"http:\/\/sostanj.info\/2019\/wp-json\/wp\/v2\/pages\/8353","targetHints":{"allow":["GET"]}}],"collection":[{"href":"http:\/\/sostanj.info\/2019\/wp-json\/wp\/v2\/pages"}],"about":[{"href":"http:\/\/sostanj.info\/2019\/wp-json\/wp\/v2\/types\/page"}],"author":[{"embeddable":true,"href":"http:\/\/sostanj.info\/2019\/wp-json\/wp\/v2\/users\/1"}],"replies":[{"embeddable":true,"href":"http:\/\/sostanj.info\/2019\/wp-json\/wp\/v2\/comments?post=8353"}],"version-history":[{"count":1,"href":"http:\/\/sostanj.info\/2019\/wp-json\/wp\/v2\/pages\/8353\/revisions"}],"predecessor-version":[{"id":8354,"href":"http:\/\/sostanj.info\/2019\/wp-json\/wp\/v2\/pages\/8353\/revisions\/8354"}],"wp:featuredmedia":[{"embeddable":true,"href":"http:\/\/sostanj.info\/2019\/wp-json\/wp\/v2\/media\/8430"}],"wp:attachment":[{"href":"http:\/\/sostanj.info\/2019\/wp-json\/wp\/v2\/media?parent=8353"}],"curies":[{"name":"wp","href":"https:\/\/api.w.org\/{rel}","templated":true}]}}