{"id":8334,"date":"2019-05-05T19:47:28","date_gmt":"2019-05-05T17:47:28","guid":{"rendered":"http:\/\/sostanj.info\/2019\/?page_id=8334"},"modified":"2019-05-05T19:48:16","modified_gmt":"2019-05-05T17:48:16","slug":"center-zasebnosti","status":"publish","type":"page","link":"http:\/\/sostanj.info\/2019\/center-zasebnosti\/","title":{"rendered":"Center zasebnosti"},"content":{"rendered":"<div class=\"wordpress-gdpr-privacy-center\"><div class=\"wordpress-gdpr-privacy-center-items\"><a href=\"http:\/\/sostanj.info\/2019\/dpo-kontakt\/\" class=\"wordpress-gdpr-privacy-center-item\"><div class=\"wordpress-gdpr-privacy-center-item-contactDPO\"><i class=\"fa fa-user-circle-o\"><\/i><h2 class=\"wordpress-gdpr-privacy-center-item-headline\">DPO Kontakt<\/h2><p class=\"wordpress-gdpr-privacy-center-item-desc\">Kontaktirajte osebno zadol\u017eeno za va\u0161e podatke.<\/p><div class=\"wordpress-gdpr-privacy-center-item-action\">Preberi ve\u010d<\/div><\/div><\/a><a href=\"http:\/\/sostanj.info\/2019\/piskotki\/\" class=\"wordpress-gdpr-privacy-center-item\"><div class=\"wordpress-gdpr-privacy-center-item-cookiePolicy\"><i class=\"fa  fa-list-alt\"><\/i><h2 class=\"wordpress-gdpr-privacy-center-item-headline\">Pi\u0161kotki<\/h2><p class=\"wordpress-gdpr-privacy-center-item-desc\">Preberite ve\u010d o pi\u0161kotkih, ki jih uporabljamo.<\/p><div class=\"wordpress-gdpr-privacy-center-item-action\">Preberi ve\u010d<\/div><\/div><\/a><a href=\"http:\/\/sostanj.info\/2019\/omejitev-odgovornosti\/\" class=\"wordpress-gdpr-privacy-center-item wordpress-gdpr-privacy-center-item-last\"><div class=\"wordpress-gdpr-privacy-center-item-disclaimer\"><i class=\"fa fa-gavel\"><\/i><h2 class=\"wordpress-gdpr-privacy-center-item-headline\">Omejitev odgovornosti<\/h2><p class=\"wordpress-gdpr-privacy-center-item-desc\">Ve\u010d o na\u0161ih obveznostih.<\/p><div class=\"wordpress-gdpr-privacy-center-item-action\">Preberi ve\u010d<\/div><\/div><\/a><a href=\"http:\/\/sostanj.info\/2019\/izbris-podatkov\/\" class=\"wordpress-gdpr-privacy-center-item\"><div class=\"wordpress-gdpr-privacy-center-item-forgetMe\"><i class=\"fa fa-eraser\"><\/i><h2 class=\"wordpress-gdpr-privacy-center-item-headline\">Izbris mojih podatkov<\/h2><p class=\"wordpress-gdpr-privacy-center-item-desc\">Po\u0161lji zahtevek za izbris va\u0161ih osebnih podatkov.<\/p><div class=\"wordpress-gdpr-privacy-center-item-action\">Preberi ve\u010d<\/div><\/div><\/a><a href=\"http:\/\/sostanj.info\/2019\/politika-zasebnosti\/\" class=\"wordpress-gdpr-privacy-center-item\"><div class=\"wordpress-gdpr-privacy-center-item-privacyPolicy\"><i class=\"fa fa-file-text\"><\/i><h2 class=\"wordpress-gdpr-privacy-center-item-headline\">Politika zasebnsoti<\/h2><p class=\"wordpress-gdpr-privacy-center-item-desc\">Pravilnik zasebnosti na na\u0161i spletni strani.<\/p><div class=\"wordpress-gdpr-privacy-center-item-action\">Preberi ve\u010d<\/div><\/div><\/a><a href=\"#\" class=\"wordpress-gdpr-privacy-center-item wordpress-gdpr-open-privacy-settings-modal wordpress-gdpr-privacy-center-item-last\"><div class=\"wordpress-gdpr-privacy-center-item-privacySettings\"><i class=\"fa fa-user-secret\"><\/i><h2 class=\"wordpress-gdpr-privacy-center-item-headline\">Nastavitve zasebnosti<\/h2><p class=\"wordpress-gdpr-privacy-center-item-desc\">Tukaj konfigurirajte svoje osebne nastavitve zasebnosti.<\/p><div class=\"wordpress-gdpr-privacy-center-item-action\">Preberi ve\u010d<\/div><\/div><\/a><\/div><\/div>\n","protected":false},"excerpt":{"rendered":"DPO KontaktKontaktirajte osebno zadol\u017eeno za va\u0161e podatke.Preberi ve\u010dPi\u0161kotkiPreberite ve\u010d o pi\u0161kotkih, ki jih uporabljamo.Preberi ve\u010dOmejitev odgovornostiVe\u010d o na\u0161ih obveznostih.Preberi ve\u010dIzbris mojih podatkovPo\u0161lji zahtevek za izbris va\u0161ih osebnih podatkov.Preberi ve\u010dPolitika zasebnsotiPravilnik...","protected":false},"author":1,"featured_media":8430,"parent":0,"menu_order":0,"comment_status":"closed","ping_status":"closed","template":"","meta":{"ngg_post_thumbnail":0,"footnotes":""},"class_list":["post-8334","page","type-page","status-publish","has-post-thumbnail","hentry"],"_links":{"self":[{"href":"http:\/\/sostanj.info\/2019\/wp-json\/wp\/v2\/pages\/8334","targetHints":{"allow":["GET"]}}],"collection":[{"href":"http:\/\/sostanj.info\/2019\/wp-json\/wp\/v2\/pages"}],"about":[{"href":"http:\/\/sostanj.info\/2019\/wp-json\/wp\/v2\/types\/page"}],"author":[{"embeddable":true,"href":"http:\/\/sostanj.info\/2019\/wp-json\/wp\/v2\/users\/1"}],"replies":[{"embeddable":true,"href":"http:\/\/sostanj.info\/2019\/wp-json\/wp\/v2\/comments?post=8334"}],"version-history":[{"count":1,"href":"http:\/\/sostanj.info\/2019\/wp-json\/wp\/v2\/pages\/8334\/revisions"}],"predecessor-version":[{"id":8335,"href":"http:\/\/sostanj.info\/2019\/wp-json\/wp\/v2\/pages\/8334\/revisions\/8335"}],"wp:featuredmedia":[{"embeddable":true,"href":"http:\/\/sostanj.info\/2019\/wp-json\/wp\/v2\/media\/8430"}],"wp:attachment":[{"href":"http:\/\/sostanj.info\/2019\/wp-json\/wp\/v2\/media?parent=8334"}],"curies":[{"name":"wp","href":"https:\/\/api.w.org\/{rel}","templated":true}]}}